{"id":779,"date":"2024-05-03T14:48:15","date_gmt":"2024-05-03T13:48:15","guid":{"rendered":"https:\/\/neu.dental-schmiemann.ch\/?page_id=779"},"modified":"2024-05-05T19:58:55","modified_gmt":"2024-05-05T18:58:55","slug":"dentona","status":"publish","type":"page","link":"https:\/\/dental-schmiemann.ch\/?page_id=779","title":{"rendered":"dentona"},"content":{"rendered":"<style>.kb-row-layout-id779_093316-26 > .kt-row-column-wrap{align-content:start;}:where(.kb-row-layout-id779_093316-26 > .kt-row-column-wrap) > .wp-block-kadence-column{justify-content:start;}.kb-row-layout-id779_093316-26 > .kt-row-column-wrap{column-gap:var(--global-kb-gap-lg, 4rem);row-gap:var(--global-kb-gap-md, 2rem);max-width:var( --global-content-width, 1290px );padding-left:var(--global-content-edge-padding);padding-right:var(--global-content-edge-padding);grid-template-columns:minmax(0, 1fr);}.kb-row-layout-id779_093316-26 > .kt-row-layout-overlay{opacity:0.30;}.kb-row-layout-id779_093316-26 ,.kb-row-layout-id779_093316-26 h1,.kb-row-layout-id779_093316-26 h2,.kb-row-layout-id779_093316-26 h3,.kb-row-layout-id779_093316-26 h4,.kb-row-layout-id779_093316-26 h5,.kb-row-layout-id779_093316-26 h6{color:var(--global-palette3, #1A202C);}.kb-row-layout-id779_093316-26 a{color:var(--global-palette5, #4A5568);}.kb-row-layout-id779_093316-26 a:hover{color:var(--global-palette6, #718096);}@media all and (max-width: 1024px){.kb-row-layout-id779_093316-26 > .kt-row-column-wrap{padding-top:var(--global-kb-spacing-4xl, 8rem);grid-template-columns:minmax(0, 1fr);}}@media all and (max-width: 767px){.kb-row-layout-id779_093316-26 > .kt-row-column-wrap{padding-top:var(--global-kb-spacing-3xl, 6.5rem);padding-bottom:var(--global-kb-spacing-lg, 3rem);grid-template-columns:minmax(0, 1fr);}}<\/style><div class=\"kb-row-layout-wrap kb-row-layout-id779_093316-26 alignfull has-theme-palette8-background-color kt-row-has-bg wp-block-kadence-rowlayout\"><div class=\"kt-row-column-wrap kt-has-1-columns kt-row-layout-equal kt-tab-layout-inherit kt-mobile-layout-row kt-row-valign-top kb-theme-content-width\">\n<style>.kadence-column779_021955-57 > .kt-inside-inner-col{padding-right:var(--global-kb-spacing-lg, 3rem);}.kadence-column779_021955-57 > .kt-inside-inner-col,.kadence-column779_021955-57 > .kt-inside-inner-col:before{border-top-left-radius:0px;border-top-right-radius:0px;border-bottom-right-radius:0px;border-bottom-left-radius:0px;}.kadence-column779_021955-57 > .kt-inside-inner-col{column-gap:var(--global-kb-gap-sm, 1rem);}.kadence-column779_021955-57 > .kt-inside-inner-col{flex-direction:column;}.kadence-column779_021955-57 > .kt-inside-inner-col > .aligncenter{width:100%;}.kadence-column779_021955-57 > .kt-inside-inner-col:before{opacity:0.3;}.kadence-column779_021955-57{position:relative;}@media all and (max-width: 1024px){.kadence-column779_021955-57 > .kt-inside-inner-col{flex-direction:column;justify-content:center;}}@media all and (max-width: 767px){.kadence-column779_021955-57 > .kt-inside-inner-col{flex-direction:column;justify-content:center;}}<\/style>\n<div class=\"wp-block-kadence-column kadence-column779_021955-57\"><div class=\"kt-inside-inner-col\"><style>.wp-block-kadence-advancedheading.kt-adv-heading779_b646d9-dd, .wp-block-kadence-advancedheading.kt-adv-heading779_b646d9-dd[data-kb-block=\"kb-adv-heading779_b646d9-dd\"]{margin-top:var(--global-kb-spacing-xs, 1rem);margin-right:var(--global-kb-spacing-xs, 1rem);margin-bottom:var(--global-kb-spacing-xs, 1rem);margin-left:var(--global-kb-spacing-xs, 1rem);text-align:center;font-size:var(--global-kb-font-size-xl, 3rem);line-height:1.2;font-style:normal;text-shadow:5px 5px 5px var(--global-palette9, #ffffff);}.wp-block-kadence-advancedheading.kt-adv-heading779_b646d9-dd mark.kt-highlight, .wp-block-kadence-advancedheading.kt-adv-heading779_b646d9-dd[data-kb-block=\"kb-adv-heading779_b646d9-dd\"] mark.kt-highlight{font-style:normal;color:#f76a0c;-webkit-box-decoration-break:clone;box-decoration-break:clone;padding-top:0px;padding-right:0px;padding-bottom:0px;padding-left:0px;}.wp-block-kadence-advancedheading.kt-adv-heading779_b646d9-dd img.kb-inline-image, .wp-block-kadence-advancedheading.kt-adv-heading779_b646d9-dd[data-kb-block=\"kb-adv-heading779_b646d9-dd\"] img.kb-inline-image{width:150px;vertical-align:baseline;}@media all and (max-width: 1024px){.wp-block-kadence-advancedheading.kt-adv-heading779_b646d9-dd, .wp-block-kadence-advancedheading.kt-adv-heading779_b646d9-dd[data-kb-block=\"kb-adv-heading779_b646d9-dd\"]{text-shadow:5px 5px 5px var(--global-palette9, #ffffff);}}@media all and (max-width: 767px){.wp-block-kadence-advancedheading.kt-adv-heading779_b646d9-dd, .wp-block-kadence-advancedheading.kt-adv-heading779_b646d9-dd[data-kb-block=\"kb-adv-heading779_b646d9-dd\"]{text-shadow:5px 5px 5px var(--global-palette9, #ffffff);}}<\/style>\n<h2 class=\"kt-adv-heading779_b646d9-dd wp-block-kadence-advancedheading has-theme-palette-1-color has-text-color\" data-kb-block=\"kb-adv-heading779_b646d9-dd\">dentona<\/h2>\n<\/div><\/div>\n\n<\/div><\/div>\n\n\n<p class=\"wp-block-paragraph\"><\/p>\n\n\n<div class=\"wp-block-image\">\n<figure class=\"aligncenter size-full is-resized\"><img loading=\"lazy\" decoding=\"async\" width=\"364\" height=\"65\" src=\"https:\/\/dental-schmiemann.ch\/wp-content\/uploads\/2024\/04\/logo-dentona.png\" alt=\"\" class=\"wp-image-679\" style=\"width:431px;height:auto\" srcset=\"https:\/\/dental-schmiemann.ch\/wp-content\/uploads\/2024\/04\/logo-dentona.png 364w, https:\/\/dental-schmiemann.ch\/wp-content\/uploads\/2024\/04\/logo-dentona-300x54.png 300w\" sizes=\"auto, (max-width: 364px) 100vw, 364px\" \/><\/figure>\n<\/div>\n\n\n<p class=\"wp-block-paragraph\"><\/p>\n\n\n<style>.wp-block-kadence-advancedheading.kt-adv-heading779_a76465-c4, .wp-block-kadence-advancedheading.kt-adv-heading779_a76465-c4[data-kb-block=\"kb-adv-heading779_a76465-c4\"]{font-size:var(--global-kb-font-size-lg, 2rem);font-style:normal;}.wp-block-kadence-advancedheading.kt-adv-heading779_a76465-c4 mark.kt-highlight, .wp-block-kadence-advancedheading.kt-adv-heading779_a76465-c4[data-kb-block=\"kb-adv-heading779_a76465-c4\"] mark.kt-highlight{font-style:normal;color:#f76a0c;-webkit-box-decoration-break:clone;box-decoration-break:clone;padding-top:0px;padding-right:0px;padding-bottom:0px;padding-left:0px;}.wp-block-kadence-advancedheading.kt-adv-heading779_a76465-c4 img.kb-inline-image, .wp-block-kadence-advancedheading.kt-adv-heading779_a76465-c4[data-kb-block=\"kb-adv-heading779_a76465-c4\"] img.kb-inline-image{width:150px;vertical-align:baseline;}@media all and (max-width: 1024px){.wp-block-kadence-advancedheading.kt-adv-heading779_a76465-c4, .wp-block-kadence-advancedheading.kt-adv-heading779_a76465-c4[data-kb-block=\"kb-adv-heading779_a76465-c4\"]{font-size:var(--global-kb-font-size-md, 1.25rem);}}<\/style>\n<p class=\"kt-adv-heading779_a76465-c4 wp-block-kadence-advancedheading\" data-kb-block=\"kb-adv-heading779_a76465-c4\">\u00dcber vier Jahrzehnte produziert und vertreibt dentona zahlreiche Produkte und Produktinnovationen und hat die zahntechnische Modellherstellung optimiert und weiter perfektioniert.<\/p>\n\n\n\n<ul class=\"wp-block-list\">\n<li style=\"margin-top:var(--wp--preset--spacing--20);margin-right:var(--wp--preset--spacing--70);margin-bottom:var(--wp--preset--spacing--20);margin-left:var(--wp--preset--spacing--70)\" class=\"has-medium-font-size\"><strong>Gipse<\/strong>\u00a0<\/li>\n\n\n\n<li style=\"margin-top:var(--wp--preset--spacing--20);margin-right:var(--wp--preset--spacing--70);margin-bottom:var(--wp--preset--spacing--20);margin-left:var(--wp--preset--spacing--70)\" class=\"has-medium-font-size\"><strong>Modellsysteme<\/strong>\u00a0<\/li>\n\n\n\n<li style=\"margin-top:var(--wp--preset--spacing--20);margin-right:var(--wp--preset--spacing--70);margin-bottom:var(--wp--preset--spacing--20);margin-left:var(--wp--preset--spacing--70)\" class=\"has-medium-font-size\"><strong>Kunststoff<\/strong>\u00a0<\/li>\n\n\n\n<li style=\"margin-top:var(--wp--preset--spacing--20);margin-right:var(--wp--preset--spacing--70);margin-bottom:var(--wp--preset--spacing--20);margin-left:var(--wp--preset--spacing--70)\" class=\"has-medium-font-size\"><strong>Gusstechnik<\/strong>\u00a0<\/li>\n\n\n\n<li style=\"margin-top:var(--wp--preset--spacing--20);margin-right:var(--wp--preset--spacing--70);margin-bottom:var(--wp--preset--spacing--20);margin-left:var(--wp--preset--spacing--70)\" class=\"has-medium-font-size\"><strong>Silikone<\/strong>\u00a0 \u00a0<\/li>\n\n\n\n<li style=\"margin-top:var(--wp--preset--spacing--20);margin-right:var(--wp--preset--spacing--70);margin-bottom:var(--wp--preset--spacing--20);margin-left:var(--wp--preset--spacing--70)\" class=\"has-medium-font-size\"><strong>Lichth\u00e4rtend<\/strong> \u00a0<\/li>\n\n\n\n<li style=\"margin-top:var(--wp--preset--spacing--20);margin-right:var(--wp--preset--spacing--70);margin-bottom:var(--wp--preset--spacing--20);margin-left:var(--wp--preset--spacing--70)\" class=\"has-medium-font-size\"><strong>Strahlmittel<\/strong> \u00a0<\/li>\n\n\n\n<li style=\"margin-top:var(--wp--preset--spacing--20);margin-right:var(--wp--preset--spacing--70);margin-bottom:var(--wp--preset--spacing--20);margin-left:var(--wp--preset--spacing--70)\" class=\"has-medium-font-size\"><strong>Legierungen<\/strong><\/li>\n\n\n\n<li style=\"margin-top:var(--wp--preset--spacing--20);margin-right:var(--wp--preset--spacing--70);margin-bottom:var(--wp--preset--spacing--20);margin-left:var(--wp--preset--spacing--70)\" class=\"has-medium-font-size\"><strong>Optiprint 3D Premiumharze<\/strong> <img loading=\"lazy\" decoding=\"async\" width=\"150\" height=\"68\" class=\"wp-image-804\" style=\"width: 150px;\" src=\"https:\/\/dental-schmiemann.ch\/wp-content\/uploads\/2024\/05\/optiprint.png\" alt=\"\" srcset=\"https:\/\/dental-schmiemann.ch\/wp-content\/uploads\/2024\/05\/optiprint.png 375w, https:\/\/dental-schmiemann.ch\/wp-content\/uploads\/2024\/05\/optiprint-300x135.png 300w\" sizes=\"auto, (max-width: 150px) 100vw, 150px\" \/><\/li>\n<\/ul>\n\n\n<style>.wp-block-kadence-advancedheading.kt-adv-heading779_f051c1-cd, .wp-block-kadence-advancedheading.kt-adv-heading779_f051c1-cd[data-kb-block=\"kb-adv-heading779_f051c1-cd\"]{font-size:var(--global-kb-font-size-lg, 2rem);font-style:normal;}.wp-block-kadence-advancedheading.kt-adv-heading779_f051c1-cd mark.kt-highlight, .wp-block-kadence-advancedheading.kt-adv-heading779_f051c1-cd[data-kb-block=\"kb-adv-heading779_f051c1-cd\"] mark.kt-highlight{font-style:normal;color:#f76a0c;-webkit-box-decoration-break:clone;box-decoration-break:clone;padding-top:0px;padding-right:0px;padding-bottom:0px;padding-left:0px;}.wp-block-kadence-advancedheading.kt-adv-heading779_f051c1-cd img.kb-inline-image, .wp-block-kadence-advancedheading.kt-adv-heading779_f051c1-cd[data-kb-block=\"kb-adv-heading779_f051c1-cd\"] img.kb-inline-image{width:150px;vertical-align:baseline;}@media all and (max-width: 1024px){.wp-block-kadence-advancedheading.kt-adv-heading779_f051c1-cd, .wp-block-kadence-advancedheading.kt-adv-heading779_f051c1-cd[data-kb-block=\"kb-adv-heading779_f051c1-cd\"]{font-size:var(--global-kb-font-size-md, 1.25rem);}}<\/style>\n<p class=\"kt-adv-heading779_f051c1-cd wp-block-kadence-advancedheading\" data-kb-block=\"kb-adv-heading779_f051c1-cd\">Der dentona 3D Druck Prozess ist ein massgeschneidertes System f\u00fcr Ihre dentalen Anwendungen. Das aufeinander abgestimmte Produktportflio aus eigenproduzierten Premiumharzen, professionellen 3D Druckern, Reinigungs- und Lichth\u00e4rteger\u00e4ten bietet Ihnen einen sicheren Prozessablauf, um dem validierten Workflow gerecht zu werden.<\/p>\n\n\n\n<p class=\"wp-block-paragraph\"><\/p>\n\n\n\n<p class=\"has-text-align-center wp-block-paragraph\">f\u00fcr weitere Informationen bitte klicken:<\/p>\n\n\n<div class=\"wp-block-image\">\n<figure class=\"aligncenter size-full is-resized has-custom-border\" id=\"wp-block-themeisle-blocks-image-3f0cb2bf\"><a href=\"https:\/\/www.dentona.de\" target=\"_blank\" rel=\"noreferrer noopener nofollow\"><img loading=\"lazy\" decoding=\"async\" width=\"364\" height=\"65\" src=\"https:\/\/dental-schmiemann.ch\/wp-content\/uploads\/2024\/04\/logo-dentona.png\" alt=\"\" class=\"has-border-color has-theme-palette-1-border-color wp-image-679\" style=\"width:364px;height:auto\" srcset=\"https:\/\/dental-schmiemann.ch\/wp-content\/uploads\/2024\/04\/logo-dentona.png 364w, https:\/\/dental-schmiemann.ch\/wp-content\/uploads\/2024\/04\/logo-dentona-300x54.png 300w\" sizes=\"auto, (max-width: 364px) 100vw, 364px\" \/><\/a><\/figure>\n<\/div>","protected":false},"excerpt":{"rendered":"<p>dentona \u00dcber vier Jahrzehnte produziert und vertreibt dentona zahlreiche Produkte und Produktinnovationen und hat die zahntechnische Modellherstellung optimiert und weiter perfektioniert. Der dentona 3D Druck Prozess ist ein massgeschneidertes System f\u00fcr Ihre dentalen Anwendungen. Das aufeinander abgestimmte Produktportflio aus eigenproduzierten Premiumharzen, professionellen 3D Druckern, Reinigungs- und Lichth\u00e4rteger\u00e4ten bietet Ihnen einen sicheren Prozessablauf, um dem validierten Workflow gerecht zu werden. f\u00fcr weitere Informationen bitte klicken:<\/p>\n","protected":false},"author":1,"featured_media":0,"parent":0,"menu_order":0,"comment_status":"closed","ping_status":"closed","template":"","meta":{"_crdt_document":"","_themeisle_gutenberg_block_has_review":false,"_kadence_starter_templates_imported_post":false,"_kad_post_transparent":"","_kad_post_title":"hide","_kad_post_layout":"","_kad_post_sidebar_id":"","_kad_post_content_style":"","_kad_post_vertical_padding":"","_kad_post_feature":"","_kad_post_feature_position":"","_kad_post_header":false,"_kad_post_footer":false,"_kad_post_classname":"","footnotes":""},"class_list":["post-779","page","type-page","status-publish","hentry"],"_links":{"self":[{"href":"https:\/\/dental-schmiemann.ch\/index.php?rest_route=\/wp\/v2\/pages\/779","targetHints":{"allow":["GET"]}}],"collection":[{"href":"https:\/\/dental-schmiemann.ch\/index.php?rest_route=\/wp\/v2\/pages"}],"about":[{"href":"https:\/\/dental-schmiemann.ch\/index.php?rest_route=\/wp\/v2\/types\/page"}],"author":[{"embeddable":true,"href":"https:\/\/dental-schmiemann.ch\/index.php?rest_route=\/wp\/v2\/users\/1"}],"replies":[{"embeddable":true,"href":"https:\/\/dental-schmiemann.ch\/index.php?rest_route=%2Fwp%2Fv2%2Fcomments&post=779"}],"version-history":[{"count":3,"href":"https:\/\/dental-schmiemann.ch\/index.php?rest_route=\/wp\/v2\/pages\/779\/revisions"}],"predecessor-version":[{"id":855,"href":"https:\/\/dental-schmiemann.ch\/index.php?rest_route=\/wp\/v2\/pages\/779\/revisions\/855"}],"wp:attachment":[{"href":"https:\/\/dental-schmiemann.ch\/index.php?rest_route=%2Fwp%2Fv2%2Fmedia&parent=779"}],"curies":[{"name":"wp","href":"https:\/\/api.w.org\/{rel}","templated":true}]}}